{"id":69,"date":"2021-05-31T02:15:35","date_gmt":"2021-05-31T00:15:35","guid":{"rendered":"http:\/\/art-d-eclat.fr\/?page_id=69"},"modified":"2022-01-24T20:03:05","modified_gmt":"2022-01-24T19:03:05","slug":"stuc-traditionnels","status":"publish","type":"page","link":"https:\/\/art-d-eclat.fr\/index.php\/stuc-traditionnels\/","title":{"rendered":"Stucs traditionnels"},"content":{"rendered":"\n<figure class=\"wp-block-image size-large is-resized is-style-rounded\"><img loading=\"lazy\" src=\"http:\/\/art-d-eclat.fr\/wp-content\/uploads\/2021\/05\/P4170027.jpg\" alt=\"\" class=\"wp-image-73\" width=\"178\" height=\"237\" srcset=\"https:\/\/art-d-eclat.fr\/wp-content\/uploads\/2021\/05\/P4170027.jpg 480w, https:\/\/art-d-eclat.fr\/wp-content\/uploads\/2021\/05\/P4170027-225x300.jpg 225w\" sizes=\"(max-width: 178px) 100vw, 178px\" \/><\/figure>\n\n\n\n<figure class=\"wp-block-pullquote\"><blockquote><p>La mise en \u0153uvre d&#8217;un authentique enduit stuc \u00e0 la chaux pour vos int\u00e9rieurs est ici propos\u00e9 \u00e0 un tarif avantageux.<\/p><\/blockquote><\/figure>\n\n\n\n<p>Le stuc est un enduit d\u00e9coratif traditionnel \u00e0 la chaux d&#8217;origine italienne et con\u00e7u \u00e0 base de poudre de marbre. Il s&#8217;agit d&#8217;un mat\u00e9riaux haut de gamme de grande dur\u00e9e de vie, qui donne \u00e0 vos murs une apparence marbr\u00e9e et refl\u00e8te la lumi\u00e8re de mani\u00e8re naturelle. Il donne \u00e0 vos int\u00e9rieurs un aspect luxueux tout en restant quelque peu rustique, il sait ainsi s&#8217;adapter tout aussi bien aux b\u00e2tisses anciennes qu&#8217;\u00e0 celles plus modernes. Le stuc apportera du caract\u00e8re et de l&#8217;authenticit\u00e9 \u00e0 vos int\u00e9rieurs.<\/p>\n\n\n\n<figure class=\"wp-block-image size-large\"><img loading=\"lazy\" width=\"1024\" height=\"576\" src=\"http:\/\/art-d-eclat.fr\/wp-content\/uploads\/2022\/01\/stuc-1-1024x576.jpg\" alt=\"\" class=\"wp-image-133\" srcset=\"https:\/\/art-d-eclat.fr\/wp-content\/uploads\/2022\/01\/stuc-1-1024x576.jpg 1024w, https:\/\/art-d-eclat.fr\/wp-content\/uploads\/2022\/01\/stuc-1-300x169.jpg 300w, https:\/\/art-d-eclat.fr\/wp-content\/uploads\/2022\/01\/stuc-1-768x432.jpg 768w, https:\/\/art-d-eclat.fr\/wp-content\/uploads\/2022\/01\/stuc-1-1536x864.jpg 1536w, https:\/\/art-d-eclat.fr\/wp-content\/uploads\/2022\/01\/stuc-1.jpg 1920w\" sizes=\"(max-width: 1024px) 100vw, 1024px\" \/><\/figure>\n\n\n\n<p><\/p>\n\n\n\n<p><strong>Un authentique Stuc<\/strong><\/p>\n\n\n\n<p>Un stuc traditionnel est l&#8217;authentique stuc \u00e0 ne pas confondre avec les nombreux produits du commerce reprenant l&#8217;appellation &#8220;Stuc&#8221;, qui se rapprochent bien plus des peintures que d&#8217;un v\u00e9ritable enduit. Ces peintures ne reproduisent ni l&#8217;aspect, ni les propri\u00e9t\u00e9s thermiques d&#8217;un v\u00e9ritable stuc.<\/p>\n\n\n\n<p><strong>Adapt\u00e9 \u00e0 vos go\u00fbts<\/strong><\/p>\n\n\n\n<p>Le Stuc offre diff\u00e9rentes possibilit\u00e9s d&#8217;aspects : texture taloch\u00e9e plus ou moins lisse, ou effet bross\u00e9, avec toutes les couleurs disponibles en pigmentation, aux teintes plus ou moins p\u00e2les ou fonc\u00e9es, selon vos pr\u00e9f\u00e9rences.<\/p>\n\n\n\n<p><strong>Propri\u00e9t\u00e9s thermiques<\/strong><\/p>\n\n\n\n<p>Le stuc repend les propri\u00e9t\u00e9s des enduits naturels \u00e0 la chaux, en terme de r\u00e9gulation du taux d&#8217;humidit\u00e9 et d\u2019assainissement de vos int\u00e9rieurs. En outre ses propri\u00e9t\u00e9 d\u2019\u00e9tanch\u00e9it\u00e9 lui permettent d&#8217;\u00e9liminer les ponts thermiques et les infiltrations d&#8217;air.<\/p>\n\n\n\n<p><strong>Pour vos salles d&#8217;eau<\/strong><\/p>\n\n\n\n<p>Le Stuc sied \u00e9galement tr\u00e8s bien aux salles de bains, et poss\u00e8de une authentique capacit\u00e9 hydrofuge si mis en \u0153uvre de la mani\u00e8re adapt\u00e9e. C&#8217;est ainsi une bonne alternative qui permet de casser la monotonie du traditionnel carrelage de salle de bain.<\/p>\n\n\n\n<p><a href=\"http:\/\/art-d-eclat.fr\/index.php\/contact\/\"><strong>Vous pouvez prendre contact pour vos projets et chantiers, ou toute demande de renseignement via l\u2019onglet Contact<\/strong>.<\/a><\/p>\n","protected":false},"excerpt":{"rendered":"<p>La mise en \u0153uvre d&#8217;un authentique enduit stuc \u00e0 la chaux pour vos int\u00e9rieurs est ici propos\u00e9 \u00e0 un tarif avantageux. Le stuc est un enduit d\u00e9coratif traditionnel \u00e0 la chaux d&#8217;origine italienne et con\u00e7u \u00e0 base de poudre de marbre. Il s&#8217;agit d&#8217;un mat\u00e9riaux haut de gamme de grande dur\u00e9e de vie, qui donne [&hellip;]<\/p>\n","protected":false},"author":1,"featured_media":0,"parent":0,"menu_order":0,"comment_status":"closed","ping_status":"closed","template":"","meta":[],"_links":{"self":[{"href":"https:\/\/art-d-eclat.fr\/index.php\/wp-json\/wp\/v2\/pages\/69"}],"collection":[{"href":"https:\/\/art-d-eclat.fr\/index.php\/wp-json\/wp\/v2\/pages"}],"about":[{"href":"https:\/\/art-d-eclat.fr\/index.php\/wp-json\/wp\/v2\/types\/page"}],"author":[{"embeddable":true,"href":"https:\/\/art-d-eclat.fr\/index.php\/wp-json\/wp\/v2\/users\/1"}],"replies":[{"embeddable":true,"href":"https:\/\/art-d-eclat.fr\/index.php\/wp-json\/wp\/v2\/comments?post=69"}],"version-history":[{"count":6,"href":"https:\/\/art-d-eclat.fr\/index.php\/wp-json\/wp\/v2\/pages\/69\/revisions"}],"predecessor-version":[{"id":135,"href":"https:\/\/art-d-eclat.fr\/index.php\/wp-json\/wp\/v2\/pages\/69\/revisions\/135"}],"wp:attachment":[{"href":"https:\/\/art-d-eclat.fr\/index.php\/wp-json\/wp\/v2\/media?parent=69"}],"curies":[{"name":"wp","href":"https:\/\/api.w.org\/{rel}","templated":true}]}}