{"id":13,"date":"2021-05-13T20:34:05","date_gmt":"2021-05-13T18:34:05","guid":{"rendered":"http:\/\/art-d-eclat.fr\/?page_id=13"},"modified":"2021-06-06T18:50:14","modified_gmt":"2021-06-06T16:50:14","slug":"a-propos-de","status":"publish","type":"page","link":"https:\/\/art-d-eclat.fr\/","title":{"rendered":"Pr\u00e9sentation"},"content":{"rendered":"\n<p>Artisan tailleur de pierre en Aveyron sous statut d\u2019entreprise individuelle, je propose mes services dans les domaines de la taille de pierre et en ma\u00e7onnerie traditionnelle aux particuliers et aux entreprises (prestations).<\/p>\n\n\n\n<p><strong>Taille de pierre<\/strong> :<\/p>\n\n\n\n<p>R\u00e9alisation de blocs de pierres de taille finis pour la ma\u00e7onnerie du b\u00e2ti ancien, r\u00e9alisation de moulures simples ou complexes, encadrements de portes\/fen\u00eatres en pierre, rebords de fen\u00eatre, tout type d\u2019arches (plein-cintre, surbaiss\u00e9\u2026), chemin\u00e9es, corniches, marches \u2026<\/p>\n\n\n\n<figure class=\"wp-block-image is-resized\"><img loading=\"lazy\" src=\"http:\/\/art-d-eclat.fr\/wp-content\/uploads\/2021\/05\/claveau2-1-906x1024.jpg\" alt=\"\" class=\"wp-image-47\" width=\"349\" height=\"394\" srcset=\"https:\/\/art-d-eclat.fr\/wp-content\/uploads\/2021\/05\/claveau2-1-906x1024.jpg 906w, https:\/\/art-d-eclat.fr\/wp-content\/uploads\/2021\/05\/claveau2-1-265x300.jpg 265w, https:\/\/art-d-eclat.fr\/wp-content\/uploads\/2021\/05\/claveau2-1-768x869.jpg 768w, https:\/\/art-d-eclat.fr\/wp-content\/uploads\/2021\/05\/claveau2-1-1358x1536.jpg 1358w, https:\/\/art-d-eclat.fr\/wp-content\/uploads\/2021\/05\/claveau2-1.jpg 1536w\" sizes=\"(max-width: 349px) 100vw, 349px\" \/><figcaption>Claveau en pierre calcaire<\/figcaption><\/figure>\n\n\n\n<p><strong>Ma\u00e7onnerie traditionnelle (b\u00e2ti ancien, restauration)<\/strong> :<\/p>\n\n\n\n<p>Travail des enduits traditionnels \u00e0 la Chaux. D\u00e9jointage\/Jointage des murs en pierre. Enduits stucs traditionnels. R\u00e9alisation de Murets, pilastres\u2026 et tout travaux compl\u00e9mentaires de ma\u00e7onnerie du b\u00e2ti ancien.<\/p>\n\n\n\n<p><a href=\"http:\/\/art-d-eclat.fr\/index.php\/contact\/\"><strong>Vous pouvez prendre contact pour vos projets et chantiers, ou toute demande de renseignement via l\u2019onglet Contact<\/strong>.<\/a><\/p>\n\n\n\n<figure class=\"wp-block-image is-resized\"><img loading=\"lazy\" src=\"http:\/\/art-d-eclat.fr\/wp-content\/uploads\/2021\/05\/P4170025.jpg\" alt=\"\" class=\"wp-image-48\" width=\"349\" height=\"465\" srcset=\"https:\/\/art-d-eclat.fr\/wp-content\/uploads\/2021\/05\/P4170025.jpg 480w, https:\/\/art-d-eclat.fr\/wp-content\/uploads\/2021\/05\/P4170025-225x300.jpg 225w\" sizes=\"(max-width: 349px) 100vw, 349px\" \/><figcaption><em>Stuc traditionnel \u00e0 la chaux<\/em><\/figcaption><\/figure>\n","protected":false},"excerpt":{"rendered":"<p>Artisan tailleur de pierre en Aveyron sous statut d\u2019entreprise individuelle, je propose mes services dans les domaines de la taille de pierre et en ma\u00e7onnerie traditionnelle aux particuliers et aux entreprises (prestations). Taille de pierre : R\u00e9alisation de blocs de pierres de taille finis pour la ma\u00e7onnerie du b\u00e2ti ancien, r\u00e9alisation de moulures simples ou [&hellip;]<\/p>\n","protected":false},"author":1,"featured_media":0,"parent":0,"menu_order":0,"comment_status":"closed","ping_status":"closed","template":"","meta":[],"_links":{"self":[{"href":"https:\/\/art-d-eclat.fr\/index.php\/wp-json\/wp\/v2\/pages\/13"}],"collection":[{"href":"https:\/\/art-d-eclat.fr\/index.php\/wp-json\/wp\/v2\/pages"}],"about":[{"href":"https:\/\/art-d-eclat.fr\/index.php\/wp-json\/wp\/v2\/types\/page"}],"author":[{"embeddable":true,"href":"https:\/\/art-d-eclat.fr\/index.php\/wp-json\/wp\/v2\/users\/1"}],"replies":[{"embeddable":true,"href":"https:\/\/art-d-eclat.fr\/index.php\/wp-json\/wp\/v2\/comments?post=13"}],"version-history":[{"count":5,"href":"https:\/\/art-d-eclat.fr\/index.php\/wp-json\/wp\/v2\/pages\/13\/revisions"}],"predecessor-version":[{"id":112,"href":"https:\/\/art-d-eclat.fr\/index.php\/wp-json\/wp\/v2\/pages\/13\/revisions\/112"}],"wp:attachment":[{"href":"https:\/\/art-d-eclat.fr\/index.php\/wp-json\/wp\/v2\/media?parent=13"}],"curies":[{"name":"wp","href":"https:\/\/api.w.org\/{rel}","templated":true}]}}